{"id":2042,"date":"2022-07-27T19:26:01","date_gmt":"2022-07-27T19:26:01","guid":{"rendered":"https:\/\/ivafilipi.cz\/i-want-a-consultation\/"},"modified":"2025-12-15T11:26:04","modified_gmt":"2025-12-15T11:26:04","slug":"i-want-a-consultation","status":"publish","type":"page","link":"https:\/\/ivafilipi.cz\/en\/i-want-a-consultation\/","title":{"rendered":"I WANT A CONSULTATION"},"content":{"rendered":"<p>[et_pb_section fb_built=&#8221;1&#8243; module_id=&#8221;who_i_am&#8221; _builder_version=&#8221;4.16&#8243; global_colors_info=&#8221;{}&#8221;][et_pb_row _builder_version=&#8221;4.16&#8243; global_colors_info=&#8221;{}&#8221;][et_pb_column type=&#8221;4_4&#8243; _builder_version=&#8221;4.16&#8243; custom_padding=&#8221;|||&#8221; global_colors_info=&#8221;{}&#8221; custom_padding__hover=&#8221;|||&#8221;][et_pb_text admin_label=&#8221;Kdo jsem R\u00e1da naslouch\u00e1m druh\u00fdm a prov\u00e1z\u00edm je na cest\u011b \u017eivotem, kdy\u017e se jim neda\u0159\u00ed nebo ustrnuli na mrtv\u00e9m bod\u011b a nev\u011bd\u00ed jak d\u00e1l. Pom\u00e1h\u00e1m lidem odhalit jejich my\u0161lenkov\u00e9 mechanismy, kter\u00e9 nos\u00ed v hlav\u011b a kter\u00e9 ovliv\u0148uj\u00ed jejich zp\u016fsob chov\u00e1n\u00ed a jedn\u00e1n\u00ed. V\u011b\u0159\u00edm, \u017ee nez\u00e1le\u017e\u00ed na tom, jak\u00e9 karty jsme do \u017eivota dostali, ale jak se s t\u011bmito kartami nau\u010d\u00edme hr\u00e1t. Sv\u00e9 klienty proto inspiruji k nalezen\u00ed vnit\u0159n\u00ed s\u00edly, kter\u00e1 je zdrojem jejich potenci\u00e1lu a spokojenosti v \u017eivot\u011b. Ke klient\u016fm p\u0159istupuji s \u00factou a pokorou. T\u011b\u0161\u00ed m\u011b, kdy\u017e mohu b\u00fdt sou\u010d\u00e1st\u00ed jejich pokrok\u016f v oblasti seberozvoje a sledovat jak se um\u00ed sami za sebe v \u017eivot\u011b postavit.&#8221; _builder_version=&#8221;4.23&#8243; header_font=&#8221;|||on|||||&#8221; header_text_align=&#8221;center&#8221; header_font_size=&#8221;26px&#8221; header_2_font=&#8221;|||on|||||&#8221; header_2_text_align=&#8221;center&#8221; text_orientation=&#8221;center&#8221; animation_style=&#8221;slide&#8221; animation_direction=&#8221;bottom&#8221; global_colors_info=&#8221;{}&#8221;]<\/p>\n<h1>CONTACT ME<br \/><img decoding=\"async\" class=\"alignnone size-full wp-image-1197\" src=\"\/wp-content\/uploads\/2018\/09\/ma%C5%A1le-ruzova.png\" alt=\"\" width=\"170\" height=\"auto\" style=\"font-size: 16px;\"><\/h1>\n<p>[\/et_pb_text][et_pb_contact_form captcha=&#8221;off&#8221; email=&#8221;iva.filipi@gmail.com&#8221; custom_message=&#8221;Zpr\u00e1va z kontaktn\u00edho formul\u00e1\u0159e z webu: ||et_pb_line_break_holder||||et_pb_line_break_holder||Od: %%name%%||et_pb_line_break_holder||E-mail: %%email%%||et_pb_line_break_holder||Tel.: %%phone%%||et_pb_line_break_holder||Zpr\u00e1va: %%message%%&#8221; use_redirect=&#8221;on&#8221; redirect_url=&#8221;https:\/\/ivafilipi.cz\/en\/acknowledgement\/&#8221; success_message=&#8221;Message sent successfully. Thank you.&#8221; disabled_on=&#8221;off||&#8221; module_id=&#8221;et_pb_contact_form_1&#8243; _builder_version=&#8221;4.27.5&#8243; _unique_id=&#8221;950d9166-ce26-4317-9bf4-348a5799afd2&#8243; custom_margin=&#8221;|||0px&#8221; custom_margin_tablet=&#8221;||0px|0px&#8221; custom_margin_phone=&#8221;0px|||30px&#8221; custom_margin_last_edited=&#8221;on|phone&#8221; custom_padding=&#8221;||0px|0px&#8221; custom_padding_tablet=&#8221;&#8221; custom_padding_phone=&#8221;0px|30px|30px|&#8221; custom_padding_last_edited=&#8221;on|phone&#8221; hover_enabled=&#8221;0&#8243; global_colors_info=&#8221;{}&#8221; sticky_enabled=&#8221;0&#8243;][et_pb_contact_field field_id=&#8221;name&#8221; field_title=&#8221;First name and surname:&#8221; fullwidth_field=&#8221;on&#8221; _builder_version=&#8221;4.17.6&#8243; global_colors_info=&#8221;{}&#8221;][\/et_pb_contact_field][et_pb_contact_field field_id=&#8221;phone&#8221; field_title=&#8221;Phone number:&#8221; required_mark=&#8221;off&#8221; fullwidth_field=&#8221;on&#8221; _builder_version=&#8221;4.17.6&#8243; global_colors_info=&#8221;{}&#8221;][\/et_pb_contact_field][et_pb_contact_field field_id=&#8221;email&#8221; field_title=&#8221;Email:&#8221; field_type=&#8221;email&#8221; fullwidth_field=&#8221;on&#8221; _builder_version=&#8221;4.17.6&#8243; global_colors_info=&#8221;{}&#8221;][\/et_pb_contact_field][et_pb_contact_field field_id=&#8221;Message&#8221; field_title=&#8221;Message:&#8221; field_type=&#8221;text&#8221; fullwidth_field=&#8221;on&#8221; _builder_version=&#8221;4.17.6&#8243; global_colors_info=&#8221;{}&#8221;][\/et_pb_contact_field][\/et_pb_contact_form][\/et_pb_column][\/et_pb_row][\/et_pb_section]<\/p>\n","protected":false},"excerpt":{"rendered":"<p>CONTACT ME<\/p>\n","protected":false},"author":7,"featured_media":0,"parent":0,"menu_order":0,"comment_status":"closed","ping_status":"closed","template":"","meta":{"_et_pb_use_builder":"on","_et_pb_old_content":"","_et_gb_content_width":"","footnotes":""},"class_list":["post-2042","page","type-page","status-publish","hentry"],"aioseo_notices":[],"_links":{"self":[{"href":"https:\/\/ivafilipi.cz\/en\/wp-json\/wp\/v2\/pages\/2042","targetHints":{"allow":["GET"]}}],"collection":[{"href":"https:\/\/ivafilipi.cz\/en\/wp-json\/wp\/v2\/pages"}],"about":[{"href":"https:\/\/ivafilipi.cz\/en\/wp-json\/wp\/v2\/types\/page"}],"author":[{"embeddable":true,"href":"https:\/\/ivafilipi.cz\/en\/wp-json\/wp\/v2\/users\/7"}],"replies":[{"embeddable":true,"href":"https:\/\/ivafilipi.cz\/en\/wp-json\/wp\/v2\/comments?post=2042"}],"version-history":[{"count":2,"href":"https:\/\/ivafilipi.cz\/en\/wp-json\/wp\/v2\/pages\/2042\/revisions"}],"predecessor-version":[{"id":2123,"href":"https:\/\/ivafilipi.cz\/en\/wp-json\/wp\/v2\/pages\/2042\/revisions\/2123"}],"wp:attachment":[{"href":"https:\/\/ivafilipi.cz\/en\/wp-json\/wp\/v2\/media?parent=2042"}],"curies":[{"name":"wp","href":"https:\/\/api.w.org\/{rel}","templated":true}]}}